{"id":3,"date":"2019-05-30T14:08:40","date_gmt":"2019-05-30T14:08:40","guid":{"rendered":"https:\/\/nevcoaching.com\/?page_id=3"},"modified":"2019-07-17T19:58:20","modified_gmt":"2019-07-17T17:58:20","slug":"politica-de-privacidad","status":"publish","type":"page","link":"https:\/\/nevcoaching.com\/es\/politica-de-privacidad\/","title":{"rendered":"Pol\u00edtica de Privacidad"},"content":{"rendered":"[vc_row type=\u00bbin_container\u00bb full_screen_row_position=\u00bbmiddle\u00bb scene_position=\u00bbcenter\u00bb text_color=\u00bbdark\u00bb text_align=\u00bbleft\u00bb top_padding=\u00bb50&#8243; overlay_strength=\u00bb0.3&#8243; shape_divider_position=\u00bbbottom\u00bb bg_image_animation=\u00bbnone\u00bb shape_type=\u00bb\u00bb][vc_column column_padding=\u00bbno-extra-padding\u00bb column_padding_position=\u00bball\u00bb background_color_opacity=\u00bb1&#8243; background_hover_color_opacity=\u00bb1&#8243; column_link_target=\u00bb_self\u00bb column_shadow=\u00bbnone\u00bb column_border_radius=\u00bbnone\u00bb width=\u00bb1\/1&#8243; tablet_width_inherit=\u00bbdefault\u00bb tablet_text_alignment=\u00bbdefault\u00bb phone_text_alignment=\u00bbdefault\u00bb column_border_width=\u00bbnone\u00bb column_border_style=\u00bbsolid\u00bb bg_image_animation=\u00bbnone\u00bb][vc_column_text]\n<h2>RESPONSABLE<\/h2>\n<p><strong>1.<\/strong> Identidad<\/p>\n<p>Empresa: NEV COACHING &amp; CONSULTING &#8211; CIF: Y1821058R, Dir. Postal: C\/ Bermeo, 3. \u2013 Ciudad: L&#8217;Eliana, Valencia\u2013 CP: 46183, Tel\u00e9fono: +34 627 271 049, E-Mail: <a href=\"mailto:nev@nevcoaching.com\">nev@nevcoaching.com<\/a><\/p>\n<p>Datos de contacto del delegado en protecci\u00f3n de datos:<\/p>\n<p>No se dispone de Delegado.<\/p>\n<h2>FINALIDADES<\/h2>\n<p><strong>2.<\/strong> Descripci\u00f3n ampliada de la finalidad\/es del tratamiento:<\/p>\n<p>Trataremos sus datos \u00fanicamente con la finalidad para la que han sido cedidos que es la de recibir comunicaciones, recursos e informaci\u00f3n de NEV Coaching &amp; Consulting.<\/p>\n<h2>CONSERVACI\u00d3N<\/h2>\n<p><strong>3.<\/strong> Plazos o criterios de conservaci\u00f3n de los datos:<\/p>\n<p>Los datos personales proporcionados se conservar\u00e1n mientras se mantenga la relaci\u00f3n con la entidad y no se solicite su supresi\u00f3n por el interesado, ser\u00e1n conservados conforme a los plazos legales establecidos en materia fiscal y contable, tomando como referencia la \u00faltima comunicaci\u00f3n.<\/p>\n<h2>DECISIONES<\/h2>\n<p><strong>4.<\/strong> Decisiones automatizadas, perfiles y l\u00f3gica aplicada:<\/p>\n<p>La empresa NO tomar\u00e1 decisiones automatizadas, perfiles \u00f3 l\u00f3gica aplicada a sus datos.<\/p>\n<h2>LEGITIMACI\u00d3N<\/h2>\n<p><strong>5.<\/strong> Legitimaci\u00f3n por ejecuci\u00f3n de un contrato:<\/p>\n<p>Debido a que el tratamiento es necesario para la ejecuci\u00f3n de un contrato mercantil, en el que usted es parte , se hace constar que el tipo de contrato de que se trata, es el citado contrato mercantil o la relaci\u00f3n precontractual.<\/p>\n<p>Como la comunicaci\u00f3n de datos personales es un requisito legal o contractual y un requisito necesario para suscribir el citado contrato, se informa al interesado que est\u00e1 obligado a facilitar los datos personales, y as\u00ed mismo que las consecuencias de no hacerlo pueden suponer la no prestaci\u00f3n del servicio solicitado.<\/p>\n<h2>DESTINATARIOS<\/h2>\n<p><strong>6.<\/strong> Durante el periodo de duraci\u00f3n del tratamiento, NEV Coaching &amp; Consulting no realizar\u00e1 ninguna cesi\u00f3n, salvo obligaci\u00f3n legal, ni tampoco transferencia alguna.<\/p>\n<h2>DERECHOS<\/h2>\n<p>El interesado puede ejercer los siguientes derechos:<\/p>\n<ul>\n<li>Derecho a solicitar el acceso a sus datos personales.<\/li>\n<li>Derecho a solicitar su rectificaci\u00f3n o supresi\u00f3n.<\/li>\n<li>Derecho a solicitar la limitaci\u00f3n de su tratamiento.<\/li>\n<li>Derecho a oponerse al tratamiento.<\/li>\n<li>Derecho a la portabilidad de los datos.<\/li>\n<li>Derecho a retirar el consentimiento prestado.<\/li>\n<\/ul>\n<p>Cualquier persona tiene derecho a obtener confirmaci\u00f3n sobre si en la Entidad estamos tratando datos personales que les conciernan, o no. Las personas interesadas tienen derecho a acceder a sus datos personales, as\u00ed como a solicitar la rectificaci\u00f3n de los datos inexactos o, en su caso, solicitar su supresi\u00f3n cuando, entre otros motivos, los datos ya no sean necesarios para los fines que fueron recogidos.<\/p>\n<p>En determinadas circunstancias, los interesados podr\u00e1n solicitar la limitaci\u00f3n del tratamiento de sus datos, en cuyo caso \u00fanicamente los conservaremos para el ejercicio o la defensa de reclamaciones. En determinadas circunstancias y por motivos relacionados con su situaci\u00f3n particular, los interesados podr\u00e1n oponerse al tratamiento de sus datos. En este caso, la entidad, dejar\u00e1 de tratar los datos, salvo por motivos leg\u00edtimos imperiosos, o el ejercicio o la defensa de posibles reclamaciones.<\/p>\n<p>Si ha otorgado su consentimiento para alguna finalidad concreta, tiene derecho a retirar el consentimiento otorgado en cualquier momento, sin que ello afecte a la licitud del tratamiento basado en el consentimiento previo a su retirada.<\/p>\n<p>Para ello podr\u00e1 emplear los formularios habilitados por la empresa, o bien dirigir un escrito a Empresa: NEV COACHING &amp; CONSULTING &#8211; C\/ Bermeo 3, \u2013 CP: 46183 \u2013 Ciudad: L&#8217;Eliana, Valencia, tambi\u00e9n puede enviar un email a: <a href=\"mailto:nev@nevcoaching.com\">nev@nevcoaching.com<\/a><br \/>En caso de que sienta vulnerados sus derechos en lo concerniente a la protecci\u00f3n de sus datos personales, especialmente cuando no haya obtenido satisfacci\u00f3n en el ejercicio de sus derechos, puede presentar una reclamaci\u00f3n ante la Autoridad de Control en materia de Protecci\u00f3n de Datos competente a trav\u00e9s de su sitio web: <a href=\"http:\/\/www.agpd.es\" target=\"_blank\" rel=\"noopener noreferrer\">www.agpd.es<\/a>.<\/p>\n<p>En cumplimiento de lo prevenido en el art\u00edculo 21 de la Ley 34\/2002 de servicios de la sociedad de la informaci\u00f3n y comercio electr\u00f3nico, si usted no desea recibir m\u00e1s informaci\u00f3n sobre nuestros servicios, puede darse de baja en la siguiente direcci\u00f3n de correo electr\u00f3nico de la entidad, indicando en el asunto \u00abNo enviar correos\u00bb.<\/p>\n<h2>PROCEDENCIA DE LOS DATOS<\/h2>\n<p>Los datos personales que tratamos en NEV COACHING &amp; CONSULTING proceden directamente de usted:<\/p>\n<p>Las categor\u00edas de datos que se tratan son:<\/p>\n<ul>\n<li>Datos de identificaci\u00f3n<\/li>\n<li>C\u00f3digos o claves de identificaci\u00f3n<\/li>\n<li>Direcciones postales o electr\u00f3nicas<\/li>\n<li>Informaci\u00f3n comercial<\/li>\n<li>Datos econ\u00f3micos<\/li>\n<\/ul>\n<p>No se tratan datos especialmente protegidos.<\/p>\n[\/vc_column_text][\/vc_column][\/vc_row]\n","protected":false},"excerpt":{"rendered":"<p>[vc_row type=\u00bbin_container\u00bb full_screen_row_position=\u00bbmiddle\u00bb scene_position=\u00bbcenter\u00bb text_color=\u00bbdark\u00bb text_align=\u00bbleft\u00bb top_padding=\u00bb50&#8243; overlay_strength=\u00bb0.3&#8243; shape_divider_position=\u00bbbottom\u00bb bg_image_animation=\u00bbnone\u00bb shape_type=\u00bb\u00bb][vc_column column_padding=\u00bbno-extra-padding\u00bb column_padding_position=\u00bball\u00bb background_color_opacity=\u00bb1&#8243; background_hover_color_opacity=\u00bb1&#8243;&#8230;<\/p>\n","protected":false},"author":1,"featured_media":0,"parent":0,"menu_order":0,"comment_status":"closed","ping_status":"open","template":"","meta":{"footnotes":""},"class_list":["post-3","page","type-page","status-publish"],"yoast_head":"<!-- This site is optimized with the Yoast SEO plugin v27.3 - https:\/\/yoast.com\/product\/yoast-seo-wordpress\/ -->\n<title>Pol\u00edtica de Privacidad<\/title>\n<meta name=\"description\" content=\"RESPONSABLE 1. Identidad Empresa: NEV COACHING &amp; CONSULTING - CIF: Y1821058R, Dir. Postal: C\/ Bermeo, 3. \u2013 Ciudad: L&#039;Eliana, Valencia\u2013 CP: 46183,\" \/>\n<meta name=\"robots\" content=\"index, follow, max-snippet:-1, max-image-preview:large, max-video-preview:-1\" \/>\n<link rel=\"canonical\" href=\"https:\/\/nevcoaching.com\/es\/politica-de-privacidad\/\" \/>\n<meta property=\"og:locale\" content=\"es_ES\" \/>\n<meta property=\"og:type\" content=\"article\" \/>\n<meta property=\"og:title\" content=\"Pol\u00edtica de Privacidad\" \/>\n<meta property=\"og:description\" content=\"RESPONSABLE 1. Identidad Empresa: NEV COACHING &amp; CONSULTING - CIF: Y1821058R, Dir. Postal: C\/ Bermeo, 3. \u2013 Ciudad: L&#039;Eliana, Valencia\u2013 CP: 46183,\" \/>\n<meta property=\"og:url\" content=\"https:\/\/nevcoaching.com\/es\/politica-de-privacidad\/\" \/>\n<meta property=\"og:site_name\" content=\"NEV Coaching &amp; Consulting\" \/>\n<meta property=\"article:publisher\" content=\"https:\/\/www.facebook.com\/NevCoach\/\" \/>\n<meta property=\"article:modified_time\" content=\"2019-07-17T17:58:20+00:00\" \/>\n<meta property=\"og:image\" content=\"https:\/\/nevcoaching.com\/wp-content\/uploads\/2022\/04\/Logo-NEV.png\" \/>\n\t<meta property=\"og:image:width\" content=\"1607\" \/>\n\t<meta property=\"og:image:height\" content=\"1607\" \/>\n\t<meta property=\"og:image:type\" content=\"image\/png\" \/>\n<meta name=\"twitter:card\" content=\"summary_large_image\" \/>\n<meta name=\"twitter:site\" content=\"@NevCoach\" \/>\n<meta name=\"twitter:label1\" content=\"Tiempo de lectura\" \/>\n\t<meta name=\"twitter:data1\" content=\"4 minutos\" \/>\n<script type=\"application\/ld+json\" class=\"yoast-schema-graph\">{\"@context\":\"https:\\\/\\\/schema.org\",\"@graph\":[{\"@type\":\"WebPage\",\"@id\":\"https:\\\/\\\/nevcoaching.com\\\/es\\\/politica-de-privacidad\\\/\",\"url\":\"https:\\\/\\\/nevcoaching.com\\\/es\\\/politica-de-privacidad\\\/\",\"name\":\"Pol\u00edtica de Privacidad\",\"isPartOf\":{\"@id\":\"https:\\\/\\\/nevcoaching.com\\\/es\\\/#website\"},\"datePublished\":\"2019-05-30T14:08:40+00:00\",\"dateModified\":\"2019-07-17T17:58:20+00:00\",\"description\":\"RESPONSABLE 1. Identidad Empresa: NEV COACHING &amp; CONSULTING - CIF: Y1821058R, Dir. Postal: C\\\/ Bermeo, 3. \u2013 Ciudad: L'Eliana, Valencia\u2013 CP: 46183,\",\"breadcrumb\":{\"@id\":\"https:\\\/\\\/nevcoaching.com\\\/es\\\/politica-de-privacidad\\\/#breadcrumb\"},\"inLanguage\":\"es\",\"potentialAction\":[{\"@type\":\"ReadAction\",\"target\":[\"https:\\\/\\\/nevcoaching.com\\\/es\\\/politica-de-privacidad\\\/\"]}]},{\"@type\":\"BreadcrumbList\",\"@id\":\"https:\\\/\\\/nevcoaching.com\\\/es\\\/politica-de-privacidad\\\/#breadcrumb\",\"itemListElement\":[{\"@type\":\"ListItem\",\"position\":1,\"name\":\"Portada\",\"item\":\"https:\\\/\\\/nevcoaching.com\\\/es\\\/\"},{\"@type\":\"ListItem\",\"position\":2,\"name\":\"Pol\u00edtica de Privacidad\"}]},{\"@type\":\"WebSite\",\"@id\":\"https:\\\/\\\/nevcoaching.com\\\/es\\\/#website\",\"url\":\"https:\\\/\\\/nevcoaching.com\\\/es\\\/\",\"name\":\"NEV Coaching &amp; Consulting\",\"description\":\"NEV Coaching &amp; Consulting\",\"publisher\":{\"@id\":\"https:\\\/\\\/nevcoaching.com\\\/es\\\/#organization\"},\"potentialAction\":[{\"@type\":\"SearchAction\",\"target\":{\"@type\":\"EntryPoint\",\"urlTemplate\":\"https:\\\/\\\/nevcoaching.com\\\/es\\\/?s={search_term_string}\"},\"query-input\":{\"@type\":\"PropertyValueSpecification\",\"valueRequired\":true,\"valueName\":\"search_term_string\"}}],\"inLanguage\":\"es\"},{\"@type\":\"Organization\",\"@id\":\"https:\\\/\\\/nevcoaching.com\\\/es\\\/#organization\",\"name\":\"NEV Coaching & Consulting\",\"url\":\"https:\\\/\\\/nevcoaching.com\\\/es\\\/\",\"logo\":{\"@type\":\"ImageObject\",\"inLanguage\":\"es\",\"@id\":\"https:\\\/\\\/nevcoaching.com\\\/es\\\/#\\\/schema\\\/logo\\\/image\\\/\",\"url\":\"https:\\\/\\\/nevcoaching.com\\\/wp-content\\\/uploads\\\/2022\\\/04\\\/Logo-NEV.png\",\"contentUrl\":\"https:\\\/\\\/nevcoaching.com\\\/wp-content\\\/uploads\\\/2022\\\/04\\\/Logo-NEV.png\",\"width\":1607,\"height\":1607,\"caption\":\"NEV Coaching & Consulting\"},\"image\":{\"@id\":\"https:\\\/\\\/nevcoaching.com\\\/es\\\/#\\\/schema\\\/logo\\\/image\\\/\"},\"sameAs\":[\"https:\\\/\\\/www.facebook.com\\\/NevCoach\\\/\",\"https:\\\/\\\/x.com\\\/NevCoach\",\"https:\\\/\\\/www.instagram.com\\\/nevcoach\\\/\",\"https:\\\/\\\/www.linkedin.com\\\/in\\\/nevcoach\\\/\",\"https:\\\/\\\/www.youtube.com\\\/channel\\\/UCiz77gnNFxgfOWAogmfjPGQ\"]}]}<\/script>\n<!-- \/ Yoast SEO plugin. -->","yoast_head_json":{"title":"Pol\u00edtica de Privacidad","description":"RESPONSABLE 1. Identidad Empresa: NEV COACHING &amp; CONSULTING - CIF: Y1821058R, Dir. Postal: C\/ Bermeo, 3. \u2013 Ciudad: L'Eliana, Valencia\u2013 CP: 46183,","robots":{"index":"index","follow":"follow","max-snippet":"max-snippet:-1","max-image-preview":"max-image-preview:large","max-video-preview":"max-video-preview:-1"},"canonical":"https:\/\/nevcoaching.com\/es\/politica-de-privacidad\/","og_locale":"es_ES","og_type":"article","og_title":"Pol\u00edtica de Privacidad","og_description":"RESPONSABLE 1. Identidad Empresa: NEV COACHING &amp; CONSULTING - CIF: Y1821058R, Dir. Postal: C\/ Bermeo, 3. \u2013 Ciudad: L'Eliana, Valencia\u2013 CP: 46183,","og_url":"https:\/\/nevcoaching.com\/es\/politica-de-privacidad\/","og_site_name":"NEV Coaching &amp; Consulting","article_publisher":"https:\/\/www.facebook.com\/NevCoach\/","article_modified_time":"2019-07-17T17:58:20+00:00","og_image":[{"width":1607,"height":1607,"url":"https:\/\/nevcoaching.com\/wp-content\/uploads\/2022\/04\/Logo-NEV.png","type":"image\/png"}],"twitter_card":"summary_large_image","twitter_site":"@NevCoach","twitter_misc":{"Tiempo de lectura":"4 minutos"},"schema":{"@context":"https:\/\/schema.org","@graph":[{"@type":"WebPage","@id":"https:\/\/nevcoaching.com\/es\/politica-de-privacidad\/","url":"https:\/\/nevcoaching.com\/es\/politica-de-privacidad\/","name":"Pol\u00edtica de Privacidad","isPartOf":{"@id":"https:\/\/nevcoaching.com\/es\/#website"},"datePublished":"2019-05-30T14:08:40+00:00","dateModified":"2019-07-17T17:58:20+00:00","description":"RESPONSABLE 1. Identidad Empresa: NEV COACHING &amp; CONSULTING - CIF: Y1821058R, Dir. Postal: C\/ Bermeo, 3. \u2013 Ciudad: L'Eliana, Valencia\u2013 CP: 46183,","breadcrumb":{"@id":"https:\/\/nevcoaching.com\/es\/politica-de-privacidad\/#breadcrumb"},"inLanguage":"es","potentialAction":[{"@type":"ReadAction","target":["https:\/\/nevcoaching.com\/es\/politica-de-privacidad\/"]}]},{"@type":"BreadcrumbList","@id":"https:\/\/nevcoaching.com\/es\/politica-de-privacidad\/#breadcrumb","itemListElement":[{"@type":"ListItem","position":1,"name":"Portada","item":"https:\/\/nevcoaching.com\/es\/"},{"@type":"ListItem","position":2,"name":"Pol\u00edtica de Privacidad"}]},{"@type":"WebSite","@id":"https:\/\/nevcoaching.com\/es\/#website","url":"https:\/\/nevcoaching.com\/es\/","name":"NEV Coaching &amp; Consulting","description":"NEV Coaching &amp; Consulting","publisher":{"@id":"https:\/\/nevcoaching.com\/es\/#organization"},"potentialAction":[{"@type":"SearchAction","target":{"@type":"EntryPoint","urlTemplate":"https:\/\/nevcoaching.com\/es\/?s={search_term_string}"},"query-input":{"@type":"PropertyValueSpecification","valueRequired":true,"valueName":"search_term_string"}}],"inLanguage":"es"},{"@type":"Organization","@id":"https:\/\/nevcoaching.com\/es\/#organization","name":"NEV Coaching & Consulting","url":"https:\/\/nevcoaching.com\/es\/","logo":{"@type":"ImageObject","inLanguage":"es","@id":"https:\/\/nevcoaching.com\/es\/#\/schema\/logo\/image\/","url":"https:\/\/nevcoaching.com\/wp-content\/uploads\/2022\/04\/Logo-NEV.png","contentUrl":"https:\/\/nevcoaching.com\/wp-content\/uploads\/2022\/04\/Logo-NEV.png","width":1607,"height":1607,"caption":"NEV Coaching & Consulting"},"image":{"@id":"https:\/\/nevcoaching.com\/es\/#\/schema\/logo\/image\/"},"sameAs":["https:\/\/www.facebook.com\/NevCoach\/","https:\/\/x.com\/NevCoach","https:\/\/www.instagram.com\/nevcoach\/","https:\/\/www.linkedin.com\/in\/nevcoach\/","https:\/\/www.youtube.com\/channel\/UCiz77gnNFxgfOWAogmfjPGQ"]}]}},"_links":{"self":[{"href":"https:\/\/nevcoaching.com\/es\/wp-json\/wp\/v2\/pages\/3","targetHints":{"allow":["GET"]}}],"collection":[{"href":"https:\/\/nevcoaching.com\/es\/wp-json\/wp\/v2\/pages"}],"about":[{"href":"https:\/\/nevcoaching.com\/es\/wp-json\/wp\/v2\/types\/page"}],"author":[{"embeddable":true,"href":"https:\/\/nevcoaching.com\/es\/wp-json\/wp\/v2\/users\/1"}],"replies":[{"embeddable":true,"href":"https:\/\/nevcoaching.com\/es\/wp-json\/wp\/v2\/comments?post=3"}],"version-history":[{"count":3,"href":"https:\/\/nevcoaching.com\/es\/wp-json\/wp\/v2\/pages\/3\/revisions"}],"predecessor-version":[{"id":7947,"href":"https:\/\/nevcoaching.com\/es\/wp-json\/wp\/v2\/pages\/3\/revisions\/7947"}],"wp:attachment":[{"href":"https:\/\/nevcoaching.com\/es\/wp-json\/wp\/v2\/media?parent=3"}],"curies":[{"name":"wp","href":"https:\/\/api.w.org\/{rel}","templated":true}]}}