{"id":6255,"date":"2019-06-05T14:03:05","date_gmt":"2019-06-05T12:03:05","guid":{"rendered":"https:\/\/nevcoaching.com\/?page_id=6255"},"modified":"2019-07-17T20:04:59","modified_gmt":"2019-07-17T18:04:59","slug":"politica-de-cookies","status":"publish","type":"page","link":"https:\/\/nevcoaching.com\/es\/politica-de-cookies\/","title":{"rendered":"Pol\u00edtica de Cookies"},"content":{"rendered":"[vc_row type=\u00bbin_container\u00bb full_screen_row_position=\u00bbmiddle\u00bb scene_position=\u00bbcenter\u00bb text_color=\u00bbdark\u00bb text_align=\u00bbleft\u00bb top_padding=\u00bb50&#8243; overlay_strength=\u00bb0.3&#8243; shape_divider_position=\u00bbbottom\u00bb bg_image_animation=\u00bbnone\u00bb shape_type=\u00bb\u00bb][vc_column column_padding=\u00bbno-extra-padding\u00bb column_padding_position=\u00bball\u00bb background_color_opacity=\u00bb1&#8243; background_hover_color_opacity=\u00bb1&#8243; column_link_target=\u00bb_self\u00bb column_shadow=\u00bbnone\u00bb column_border_radius=\u00bbnone\u00bb width=\u00bb1\/1&#8243; tablet_width_inherit=\u00bbdefault\u00bb tablet_text_alignment=\u00bbdefault\u00bb phone_text_alignment=\u00bbdefault\u00bb column_border_width=\u00bbnone\u00bb column_border_style=\u00bbsolid\u00bb bg_image_animation=\u00bbnone\u00bb][vc_column_text]\n<h2>USO DE COOKIES<\/h2>\n<p>La p\u00e1gina web www.nevcoaching.com titularidad de NEV COACHING &amp; CONSULTING utiliza cookies.<\/p>\n<p>Las cookies son ficheros que se descargan en su ordenador al acceder a determinadas p\u00e1ginas web. Las cookies permiten a una p\u00e1gina web, entre otras cosas, almacenar y recuperar informaci\u00f3n sobre los h\u00e1bitos de navegaci\u00f3n de un usuario o de su equipo y, dependiendo de la informaci\u00f3n que contengan y de la forma en que utilice su equipo. Adem\u00e1s, mejoran su proceso de navegaci\u00f3n, ya que permiten que la p\u00e1gina web ofrezca al usuario informaci\u00f3n que puede ser de su inter\u00e9s en funci\u00f3n del uso que realice, del contenido de la misma.<\/p>\n<p>En caso de no querer recibir cookies, por favor, configure su navegador de internet, para que las borre del disco duro de su ordenador, las bloquee o le avise en su caso de instalaci\u00f3n de las mismas. Para continuar sin cambios en la configuraci\u00f3n de las cookies, simplemente, contin\u00fae en la p\u00e1gina web.<\/p>\n<h2>CONSENTIMIENTO<\/h2>\n<p>Las cookies que utilizamos no almacenan dato personal alguno, ni ning\u00fan tipo de informaci\u00f3n que pueda identificarle, salvo que quieran registrarse de forma voluntaria con el fin de utilizar los servicios que ponemos a su disposici\u00f3n o de recibir informaci\u00f3n sobre promociones y contenidos de su inter\u00e9s.<\/p>\n<p>Al navegar y continuar en nuestra web nos indica que est\u00e1 consintiendo el uso de las cookies antes enunciadas, y en las condiciones contenidas en la presente pol\u00edtica de cookies. En caso de no estar de acuerdo env\u00ede un correo electr\u00f3nico a <a href=\"mailto:nev@nevcoaching.com\">nev@nevcoaching.com<\/a><\/p>\n<h2>C\u00d3MO BLOQUEAR O ELIMINAR LAS COOKIES INSTALADAS<\/h2>\n<p>Puede usted permitir, bloquear o eliminar las cookies instaladas en su equipo mediante la configuraci\u00f3n de las opciones de su navegador. Puede encontrar informaci\u00f3n sobre c\u00f3mo hacerlo, en relaci\u00f3n con los navegadores m\u00e1s comunes en los links que se incluyen a continuaci\u00f3n:<\/p>\n<ul>\n<li>Explorer: <a href=\"https:\/\/support.microsoft.com\/es-es\/kb\/278835\" target=\"_blank\" rel=\"noopener noreferrer\">https:\/\/support.microsoft.com\/es-es\/kb\/278835<\/a><\/li>\n<li>Chrome: <a href=\"http:\/\/support.google.com\/chrome\/bin\/answer.py?hl=es&amp;answer=95647\" target=\"_blank\" rel=\"noopener noreferrer\">http:\/\/support.google.com\/chrome\/bin\/answer.py?hl=es&amp;answer=95647<\/a><\/li>\n<li>Firefox: <a href=\"http:\/\/support.mozilla.org\/es\/kb\/Borrar%20cookies\" target=\"_blank\" rel=\"noopener noreferrer\">http:\/\/support.mozilla.org\/es\/kb\/Borrar%20cookies<\/a><\/li>\n<li>Safari: <a href=\"http:\/\/support.apple.com\/kb\/ph5042\" target=\"_blank\" rel=\"noopener noreferrer\">http:\/\/support.apple.com\/kb\/ph5042<\/a><\/li>\n<\/ul>\n<p>Le informamos, no obstante, de la posibilidad de que la desactivaci\u00f3n de alguna cookie impida o dificulte la navegaci\u00f3n o la prestaci\u00f3n de los servicios ofrecidos en la p\u00e1gina web.<\/p>\n<h2>MODIFICACIONES<\/h2>\n<p>La p\u00e1gina web www.nevcoaching.com titularidad de NEV COACHING &amp; CONSULTING puede modificar esta pol\u00edtica de cookies en funci\u00f3n de las exigencias legales. O con la finalidad de adaptar dicha pol\u00edtica a las instrucciones dictadas por la Agencia Espa\u00f1ola de Protecci\u00f3n de Datos.<\/p>\n<p>Por esta raz\u00f3n, aconsejamos a los usuarios que la visiten peri\u00f3dicamente. Cuando se produzcan cambios significativos en esta pol\u00edtica de cookies, se comunicar\u00e1n a los usuarios, bien mediante la web o a trav\u00e9s de correo electr\u00f3nico a los usuarios registrados.[\/vc_column_text][\/vc_column][\/vc_row]\n","protected":false},"excerpt":{"rendered":"<p>[vc_row type=\u00bbin_container\u00bb full_screen_row_position=\u00bbmiddle\u00bb scene_position=\u00bbcenter\u00bb text_color=\u00bbdark\u00bb text_align=\u00bbleft\u00bb top_padding=\u00bb50&#8243; overlay_strength=\u00bb0.3&#8243; shape_divider_position=\u00bbbottom\u00bb bg_image_animation=\u00bbnone\u00bb shape_type=\u00bb\u00bb][vc_column column_padding=\u00bbno-extra-padding\u00bb column_padding_position=\u00bball\u00bb background_color_opacity=\u00bb1&#8243; background_hover_color_opacity=\u00bb1&#8243;&#8230;<\/p>\n","protected":false},"author":1,"featured_media":0,"parent":0,"menu_order":0,"comment_status":"closed","ping_status":"closed","template":"","meta":{"footnotes":""},"class_list":["post-6255","page","type-page","status-publish"],"yoast_head":"<!-- This site is optimized with the Yoast SEO plugin v27.3 - https:\/\/yoast.com\/product\/yoast-seo-wordpress\/ -->\n<title>Pol\u00edtica de Cookies<\/title>\n<meta name=\"description\" content=\"USO DE COOKIES La p\u00e1gina web www.nevcoaching.com titularidad de NEV COACHING &amp; CONSULTING utiliza cookies. Las cookies son ficheros que se descargan\" \/>\n<meta name=\"robots\" content=\"index, follow, max-snippet:-1, max-image-preview:large, max-video-preview:-1\" \/>\n<link rel=\"canonical\" href=\"https:\/\/nevcoaching.com\/es\/politica-de-cookies\/\" \/>\n<meta property=\"og:locale\" content=\"es_ES\" \/>\n<meta property=\"og:type\" content=\"article\" \/>\n<meta property=\"og:title\" content=\"Pol\u00edtica de Cookies\" \/>\n<meta property=\"og:description\" content=\"USO DE COOKIES La p\u00e1gina web www.nevcoaching.com titularidad de NEV COACHING &amp; CONSULTING utiliza cookies. Las cookies son ficheros que se descargan\" \/>\n<meta property=\"og:url\" content=\"https:\/\/nevcoaching.com\/es\/politica-de-cookies\/\" \/>\n<meta property=\"og:site_name\" content=\"NEV Coaching &amp; Consulting\" \/>\n<meta property=\"article:publisher\" content=\"https:\/\/www.facebook.com\/NevCoach\/\" \/>\n<meta property=\"article:modified_time\" content=\"2019-07-17T18:04:59+00:00\" \/>\n<meta property=\"og:image\" content=\"https:\/\/nevcoaching.com\/wp-content\/uploads\/2022\/04\/Logo-NEV.png\" \/>\n\t<meta property=\"og:image:width\" content=\"1607\" \/>\n\t<meta property=\"og:image:height\" content=\"1607\" \/>\n\t<meta property=\"og:image:type\" content=\"image\/png\" \/>\n<meta name=\"twitter:card\" content=\"summary_large_image\" \/>\n<meta name=\"twitter:site\" content=\"@NevCoach\" \/>\n<meta name=\"twitter:label1\" content=\"Tiempo de lectura\" \/>\n\t<meta name=\"twitter:data1\" content=\"3 minutos\" \/>\n<script type=\"application\/ld+json\" class=\"yoast-schema-graph\">{\"@context\":\"https:\\\/\\\/schema.org\",\"@graph\":[{\"@type\":\"WebPage\",\"@id\":\"https:\\\/\\\/nevcoaching.com\\\/es\\\/politica-de-cookies\\\/\",\"url\":\"https:\\\/\\\/nevcoaching.com\\\/es\\\/politica-de-cookies\\\/\",\"name\":\"Pol\u00edtica de Cookies\",\"isPartOf\":{\"@id\":\"https:\\\/\\\/nevcoaching.com\\\/es\\\/#website\"},\"datePublished\":\"2019-06-05T12:03:05+00:00\",\"dateModified\":\"2019-07-17T18:04:59+00:00\",\"description\":\"USO DE COOKIES La p\u00e1gina web www.nevcoaching.com titularidad de NEV COACHING &amp; CONSULTING utiliza cookies. Las cookies son ficheros que se descargan\",\"breadcrumb\":{\"@id\":\"https:\\\/\\\/nevcoaching.com\\\/es\\\/politica-de-cookies\\\/#breadcrumb\"},\"inLanguage\":\"es\",\"potentialAction\":[{\"@type\":\"ReadAction\",\"target\":[\"https:\\\/\\\/nevcoaching.com\\\/es\\\/politica-de-cookies\\\/\"]}]},{\"@type\":\"BreadcrumbList\",\"@id\":\"https:\\\/\\\/nevcoaching.com\\\/es\\\/politica-de-cookies\\\/#breadcrumb\",\"itemListElement\":[{\"@type\":\"ListItem\",\"position\":1,\"name\":\"Portada\",\"item\":\"https:\\\/\\\/nevcoaching.com\\\/es\\\/\"},{\"@type\":\"ListItem\",\"position\":2,\"name\":\"Pol\u00edtica de Cookies\"}]},{\"@type\":\"WebSite\",\"@id\":\"https:\\\/\\\/nevcoaching.com\\\/es\\\/#website\",\"url\":\"https:\\\/\\\/nevcoaching.com\\\/es\\\/\",\"name\":\"NEV Coaching &amp; Consulting\",\"description\":\"NEV Coaching &amp; Consulting\",\"publisher\":{\"@id\":\"https:\\\/\\\/nevcoaching.com\\\/es\\\/#organization\"},\"potentialAction\":[{\"@type\":\"SearchAction\",\"target\":{\"@type\":\"EntryPoint\",\"urlTemplate\":\"https:\\\/\\\/nevcoaching.com\\\/es\\\/?s={search_term_string}\"},\"query-input\":{\"@type\":\"PropertyValueSpecification\",\"valueRequired\":true,\"valueName\":\"search_term_string\"}}],\"inLanguage\":\"es\"},{\"@type\":\"Organization\",\"@id\":\"https:\\\/\\\/nevcoaching.com\\\/es\\\/#organization\",\"name\":\"NEV Coaching & Consulting\",\"url\":\"https:\\\/\\\/nevcoaching.com\\\/es\\\/\",\"logo\":{\"@type\":\"ImageObject\",\"inLanguage\":\"es\",\"@id\":\"https:\\\/\\\/nevcoaching.com\\\/es\\\/#\\\/schema\\\/logo\\\/image\\\/\",\"url\":\"https:\\\/\\\/nevcoaching.com\\\/wp-content\\\/uploads\\\/2022\\\/04\\\/Logo-NEV.png\",\"contentUrl\":\"https:\\\/\\\/nevcoaching.com\\\/wp-content\\\/uploads\\\/2022\\\/04\\\/Logo-NEV.png\",\"width\":1607,\"height\":1607,\"caption\":\"NEV Coaching & Consulting\"},\"image\":{\"@id\":\"https:\\\/\\\/nevcoaching.com\\\/es\\\/#\\\/schema\\\/logo\\\/image\\\/\"},\"sameAs\":[\"https:\\\/\\\/www.facebook.com\\\/NevCoach\\\/\",\"https:\\\/\\\/x.com\\\/NevCoach\",\"https:\\\/\\\/www.instagram.com\\\/nevcoach\\\/\",\"https:\\\/\\\/www.linkedin.com\\\/in\\\/nevcoach\\\/\",\"https:\\\/\\\/www.youtube.com\\\/channel\\\/UCiz77gnNFxgfOWAogmfjPGQ\"]}]}<\/script>\n<!-- \/ Yoast SEO plugin. -->","yoast_head_json":{"title":"Pol\u00edtica de Cookies","description":"USO DE COOKIES La p\u00e1gina web www.nevcoaching.com titularidad de NEV COACHING &amp; CONSULTING utiliza cookies. Las cookies son ficheros que se descargan","robots":{"index":"index","follow":"follow","max-snippet":"max-snippet:-1","max-image-preview":"max-image-preview:large","max-video-preview":"max-video-preview:-1"},"canonical":"https:\/\/nevcoaching.com\/es\/politica-de-cookies\/","og_locale":"es_ES","og_type":"article","og_title":"Pol\u00edtica de Cookies","og_description":"USO DE COOKIES La p\u00e1gina web www.nevcoaching.com titularidad de NEV COACHING &amp; CONSULTING utiliza cookies. Las cookies son ficheros que se descargan","og_url":"https:\/\/nevcoaching.com\/es\/politica-de-cookies\/","og_site_name":"NEV Coaching &amp; Consulting","article_publisher":"https:\/\/www.facebook.com\/NevCoach\/","article_modified_time":"2019-07-17T18:04:59+00:00","og_image":[{"width":1607,"height":1607,"url":"https:\/\/nevcoaching.com\/wp-content\/uploads\/2022\/04\/Logo-NEV.png","type":"image\/png"}],"twitter_card":"summary_large_image","twitter_site":"@NevCoach","twitter_misc":{"Tiempo de lectura":"3 minutos"},"schema":{"@context":"https:\/\/schema.org","@graph":[{"@type":"WebPage","@id":"https:\/\/nevcoaching.com\/es\/politica-de-cookies\/","url":"https:\/\/nevcoaching.com\/es\/politica-de-cookies\/","name":"Pol\u00edtica de Cookies","isPartOf":{"@id":"https:\/\/nevcoaching.com\/es\/#website"},"datePublished":"2019-06-05T12:03:05+00:00","dateModified":"2019-07-17T18:04:59+00:00","description":"USO DE COOKIES La p\u00e1gina web www.nevcoaching.com titularidad de NEV COACHING &amp; CONSULTING utiliza cookies. Las cookies son ficheros que se descargan","breadcrumb":{"@id":"https:\/\/nevcoaching.com\/es\/politica-de-cookies\/#breadcrumb"},"inLanguage":"es","potentialAction":[{"@type":"ReadAction","target":["https:\/\/nevcoaching.com\/es\/politica-de-cookies\/"]}]},{"@type":"BreadcrumbList","@id":"https:\/\/nevcoaching.com\/es\/politica-de-cookies\/#breadcrumb","itemListElement":[{"@type":"ListItem","position":1,"name":"Portada","item":"https:\/\/nevcoaching.com\/es\/"},{"@type":"ListItem","position":2,"name":"Pol\u00edtica de Cookies"}]},{"@type":"WebSite","@id":"https:\/\/nevcoaching.com\/es\/#website","url":"https:\/\/nevcoaching.com\/es\/","name":"NEV Coaching &amp; Consulting","description":"NEV Coaching &amp; Consulting","publisher":{"@id":"https:\/\/nevcoaching.com\/es\/#organization"},"potentialAction":[{"@type":"SearchAction","target":{"@type":"EntryPoint","urlTemplate":"https:\/\/nevcoaching.com\/es\/?s={search_term_string}"},"query-input":{"@type":"PropertyValueSpecification","valueRequired":true,"valueName":"search_term_string"}}],"inLanguage":"es"},{"@type":"Organization","@id":"https:\/\/nevcoaching.com\/es\/#organization","name":"NEV Coaching & Consulting","url":"https:\/\/nevcoaching.com\/es\/","logo":{"@type":"ImageObject","inLanguage":"es","@id":"https:\/\/nevcoaching.com\/es\/#\/schema\/logo\/image\/","url":"https:\/\/nevcoaching.com\/wp-content\/uploads\/2022\/04\/Logo-NEV.png","contentUrl":"https:\/\/nevcoaching.com\/wp-content\/uploads\/2022\/04\/Logo-NEV.png","width":1607,"height":1607,"caption":"NEV Coaching & Consulting"},"image":{"@id":"https:\/\/nevcoaching.com\/es\/#\/schema\/logo\/image\/"},"sameAs":["https:\/\/www.facebook.com\/NevCoach\/","https:\/\/x.com\/NevCoach","https:\/\/www.instagram.com\/nevcoach\/","https:\/\/www.linkedin.com\/in\/nevcoach\/","https:\/\/www.youtube.com\/channel\/UCiz77gnNFxgfOWAogmfjPGQ"]}]}},"_links":{"self":[{"href":"https:\/\/nevcoaching.com\/es\/wp-json\/wp\/v2\/pages\/6255","targetHints":{"allow":["GET"]}}],"collection":[{"href":"https:\/\/nevcoaching.com\/es\/wp-json\/wp\/v2\/pages"}],"about":[{"href":"https:\/\/nevcoaching.com\/es\/wp-json\/wp\/v2\/types\/page"}],"author":[{"embeddable":true,"href":"https:\/\/nevcoaching.com\/es\/wp-json\/wp\/v2\/users\/1"}],"replies":[{"embeddable":true,"href":"https:\/\/nevcoaching.com\/es\/wp-json\/wp\/v2\/comments?post=6255"}],"version-history":[{"count":4,"href":"https:\/\/nevcoaching.com\/es\/wp-json\/wp\/v2\/pages\/6255\/revisions"}],"predecessor-version":[{"id":7951,"href":"https:\/\/nevcoaching.com\/es\/wp-json\/wp\/v2\/pages\/6255\/revisions\/7951"}],"wp:attachment":[{"href":"https:\/\/nevcoaching.com\/es\/wp-json\/wp\/v2\/media?parent=6255"}],"curies":[{"name":"wp","href":"https:\/\/api.w.org\/{rel}","templated":true}]}}